{"id":24,"date":"2026-01-28T20:40:54","date_gmt":"2026-01-28T19:40:54","guid":{"rendered":"https:\/\/ptk26.umcs.lublin.pl\/?page_id=24"},"modified":"2026-04-13T17:15:26","modified_gmt":"2026-04-13T15:15:26","slug":"committes","status":"publish","type":"page","link":"https:\/\/ptk26.umcs.lublin.pl\/index.php\/committes\/","title":{"rendered":"Committees"},"content":{"rendered":"\n<p><strong>The Organizing Committee<\/strong><\/p>\n\n\n\n<p>Katarzyna <strong>Biszkont<\/strong><\/p>\n\n\n\n<p>Alexandra <strong>Mouratidou<\/strong><\/p>\n\n\n\n<p>Marcin <strong>Rz\u0105deczka<\/strong><\/p>\n\n\n\n<p>Piotr <strong>Konderak<\/strong> (chair)<\/p>\n\n\n\n<p>*<\/p>\n\n\n\n<p><strong>The Scientific Committee<\/strong><\/p>\n\n\n\n<p>Andrzej&nbsp;<strong>Bi\u0142at<\/strong>, Politechnika Warszawska<\/p>\n\n\n\n<p>Peer&nbsp;<strong>Bundg\u00e5rd<\/strong>, Aarhus Universitet<\/p>\n\n\n\n<p>Alan&nbsp;<strong>Cienki<\/strong>, Vrije Universiteit Amsterdam <\/p>\n\n\n\n<p>Ad&nbsp;<strong>Foolen<\/strong>, Radboud Universiteit<\/p>\n\n\n\n<p>Adam&nbsp;<strong>G\u0142az<\/strong>, UMCS<\/p>\n\n\n\n<p>Arkadiusz&nbsp;<strong>Gut<\/strong>, Uniwersytet Miko\u0142aja Kopernika<\/p>\n\n\n\n<p>Piotr <strong>Konderak<\/strong>, UMCS<\/p>\n\n\n\n<p>Kalevi&nbsp;<strong>Kull<\/strong>, <a href=\"https:\/\/ut.ee\/et\/kontakt\" class=\"\">Tartu \u00dclikooli<\/a><\/p>\n\n\n\n<p>Sara&nbsp;<strong>Lenninger<\/strong>, H\u00f6gskolan Kristianstad<\/p>\n\n\n\n<p>Marcin&nbsp;<strong>Moskalewicz<\/strong>, UMCS<\/p>\n\n\n\n<p>Alexandra <strong>Mouratidou<\/strong>, UMCS<\/p>\n\n\n\n<p>Anita&nbsp;<strong>Pacholik-\u017buromska<\/strong>, Uniwersytet Miko\u0142aja Kopernika<\/p>\n\n\n\n<p>Jamin&nbsp;<strong>Pelkey<\/strong>, Toronto Metropolitan University<\/p>\n\n\n\n<p>Robert&nbsp;<strong>Poczobut<\/strong>, Uniwersytet w Bia\u0142ymstoku<\/p>\n\n\n\n<p>Marek&nbsp;<strong>Pokropski<\/strong>, Uniwersytet Warszawski<\/p>\n\n\n\n<p>Komarine&nbsp;<strong>Romdenh-Romluc<\/strong>, Sheffield University<\/p>\n\n\n\n<p>Aaron&nbsp;<strong>Stutz<\/strong>, Bohusl\u00e4ns museum<\/p>\n\n\n\n<p>Barbara&nbsp;<strong>Tomczyk<\/strong>, UMCS<\/p>\n\n\n\n<p>Morten&nbsp;<strong>T\u00f8nnessen<\/strong>, Universitetet i Stavanger<\/p>\n\n\n\n<p>S\u0142awomir&nbsp;<strong>Wacewicz<\/strong>, Uniwersytet Miko\u0142aja Kopernika<\/p>\n\n\n\n<p>Witold&nbsp;<strong>Wachowski<\/strong>, UMCS<\/p>\n\n\n\n<p>Maciej&nbsp;<strong>Witek<\/strong>, Uniwersytet Szczeci\u0144ski<\/p>\n\n\n\n<p>Zbigniew&nbsp;<strong>Wr\u00f3blewski<\/strong>, Katolicki Uniwersytet Lubelski<\/p>\n\n\n\n<p>Jordan&nbsp;<strong>Zlatev<\/strong>, Lunds universitet<\/p>\n\n\n\n<p>Konrad&nbsp;<strong>\u017by\u015bko<\/strong>, UMCS<\/p>\n\n\n\n<p>Przemys\u0142aw&nbsp;<strong>\u017bywiczy\u0144ski<\/strong>, Uniwersytet Miko\u0142aja Kopernika<\/p>\n\n\n\n<figure class=\"wp-block-image aligncenter size-large is-resized\"><img loading=\"lazy\" decoding=\"async\" width=\"768\" height=\"1024\" src=\"https:\/\/ptk26.umcs.lublin.pl\/wp-content\/uploads\/2026\/03\/IMG_5940-768x1024.jpg\" alt=\"\" class=\"wp-image-144\" style=\"aspect-ratio:0.7500094507239254;width:320px;height:auto\" srcset=\"https:\/\/ptk26.umcs.lublin.pl\/wp-content\/uploads\/2026\/03\/IMG_5940-768x1024.jpg 768w, https:\/\/ptk26.umcs.lublin.pl\/wp-content\/uploads\/2026\/03\/IMG_5940-225x300.jpg 225w, https:\/\/ptk26.umcs.lublin.pl\/wp-content\/uploads\/2026\/03\/IMG_5940-1152x1536.jpg 1152w, https:\/\/ptk26.umcs.lublin.pl\/wp-content\/uploads\/2026\/03\/IMG_5940-1536x2048.jpg 1536w, https:\/\/ptk26.umcs.lublin.pl\/wp-content\/uploads\/2026\/03\/IMG_5940-scaled.jpg 1920w\" sizes=\"auto, (max-width: 768px) 100vw, 768px\" \/><figcaption class=\"wp-element-caption\"><a href=\"https:\/\/maps.app.goo.gl\/cE8hXZtqjVgRr5xT6\">Kazik, The Key-keeper<\/a><\/figcaption><\/figure>\n","protected":false},"excerpt":{"rendered":"<p>The Organizing Committee Katarzyna Biszkont Alexandra Mouratidou Marcin Rz\u0105deczka Piotr Konderak (chair) * The Scientific Committee Andrzej&nbsp;Bi\u0142at, Politechnika Warszawska Peer&nbsp;Bundg\u00e5rd, Aarhus Universitet Alan&nbsp;Cienki, Vrije Universiteit Amsterdam Ad&nbsp;Foolen, Radboud Universiteit Adam&nbsp;G\u0142az, UMCS Arkadiusz&nbsp;Gut, Uniwersytet Miko\u0142aja Kopernika Piotr Konderak, UMCS Kalevi&nbsp;Kull, Tartu \u00dclikooli Sara&nbsp;Lenninger, H\u00f6gskolan Kristianstad Marcin&nbsp;Moskalewicz, UMCS Alexandra Mouratidou, UMCS Anita&nbsp;Pacholik-\u017buromska, Uniwersytet Miko\u0142aja Kopernika Jamin&nbsp;Pelkey, Toronto [&hellip;]<\/p>\n","protected":false},"author":1,"featured_media":0,"parent":0,"menu_order":0,"comment_status":"closed","ping_status":"closed","template":"","meta":{"footnotes":""},"class_list":["post-24","page","type-page","status-publish","hentry"],"_links":{"self":[{"href":"https:\/\/ptk26.umcs.lublin.pl\/index.php\/wp-json\/wp\/v2\/pages\/24","targetHints":{"allow":["GET"]}}],"collection":[{"href":"https:\/\/ptk26.umcs.lublin.pl\/index.php\/wp-json\/wp\/v2\/pages"}],"about":[{"href":"https:\/\/ptk26.umcs.lublin.pl\/index.php\/wp-json\/wp\/v2\/types\/page"}],"author":[{"embeddable":true,"href":"https:\/\/ptk26.umcs.lublin.pl\/index.php\/wp-json\/wp\/v2\/users\/1"}],"replies":[{"embeddable":true,"href":"https:\/\/ptk26.umcs.lublin.pl\/index.php\/wp-json\/wp\/v2\/comments?post=24"}],"version-history":[{"count":7,"href":"https:\/\/ptk26.umcs.lublin.pl\/index.php\/wp-json\/wp\/v2\/pages\/24\/revisions"}],"predecessor-version":[{"id":213,"href":"https:\/\/ptk26.umcs.lublin.pl\/index.php\/wp-json\/wp\/v2\/pages\/24\/revisions\/213"}],"wp:attachment":[{"href":"https:\/\/ptk26.umcs.lublin.pl\/index.php\/wp-json\/wp\/v2\/media?parent=24"}],"curies":[{"name":"wp","href":"https:\/\/api.w.org\/{rel}","templated":true}]}}