{"id":45,"date":"2026-02-06T13:31:36","date_gmt":"2026-02-06T12:31:36","guid":{"rendered":"https:\/\/ptk26.umcs.lublin.pl\/?page_id=45"},"modified":"2026-02-06T13:36:35","modified_gmt":"2026-02-06T12:36:35","slug":"digital-accessibility-declaration","status":"publish","type":"page","link":"https:\/\/ptk26.umcs.lublin.pl\/index.php\/digital-accessibility-declaration\/","title":{"rendered":"Digital accessibility declaration"},"content":{"rendered":"\n<p><\/p>\n\n\n\n<h3 class=\"wp-block-heading\">Wst\u0119p deklaracji<\/h3>\n\n\n\n<p>Instytut Filozofii Uniwersytetu Marii Curie-Sk\u0142odowskiej w Lublinie zobowi\u0105zuje si\u0119 zapewni\u0107 dost\u0119pno\u015b\u0107 tej strony internetowej zgodnie z ustaw\u0105 z dnia 4 kwietnia 2019 r. o dost\u0119pno\u015bci cyfrowej stron internetowych i aplikacji mobilnych podmiot\u00f3w publicznych.<\/p>\n\n\n\n<p>Deklaracja dost\u0119pno\u015bci dotyczy strony <a href=\"https:\/\/ptk26.umcs.lublin.pl\" target=\"_blank\" rel=\"noreferrer noopener\">https:\/\/ptk26.umcs.lublin.pl<\/a>.<\/p>\n\n\n\n<ul class=\"wp-block-list\">\n<li>Data publikacji strony internetowej: 01.02.2025 r.<\/li>\n<\/ul>\n\n\n\n<p><\/p>\n\n\n\n<p><\/p>\n\n\n\n<h3 class=\"wp-block-heading\">Stan dost\u0119pno\u015bci cyfrowej<\/h3>\n\n\n\n<p><\/p>\n\n\n\n<p id=\"a11y-status\">Ta strona internetowa jest cz\u0119\u015bciowo zgodna z za\u0142\u0105cznikiem do ustawy o dost\u0119pno\u015bci cyfrowej z dnia 4 kwietnia 2019 r. o dost\u0119pno\u015bci cyfrowej stron internetowych i aplikacji mobilnych podmiot\u00f3w publicznych z powodu niezgodno\u015bci i wy\u0142\u0105cze\u0144 wymienionych poni\u017cej.<\/p>\n\n\n\n<h3 class=\"wp-block-heading\">Niedost\u0119pne tre\u015bci<\/h3>\n\n\n\n<h4 class=\"wp-block-heading\">Niezgodno\u015b\u0107 z za\u0142\u0105cznikiem<\/h4>\n\n\n\n<ul class=\"wp-block-list\">\n<li>Serwis ma dokumenty PDF, kt\u00f3re powsta\u0142y na podstawie niew\u0142a\u015bciwie przygotowanych dokument\u00f3w tekstowych lub s\u0105 skanami dokument\u00f3w. B\u0119dziemy to poprawia\u0107 w przysz\u0142o\u015bci, maj\u0105c na uwadze poprawne przygotowanie pliku \u017ar\u00f3d\u0142owego.<\/li>\n\n\n\n<li>Niekt\u00f3re (zw\u0142aszcza archiwalne) filmy oraz materia\u0142y audio nie maj\u0105 transkrypcji lub\/i audiodeskrypcji.<\/li>\n\n\n\n<li>Niekt\u00f3re elementy strony nie spe\u0142niaj\u0105 minimalnych wymog\u00f3w dla kontrastu (wynika to cz\u0119sto z regu\u0142 Systemu Identyfikacji Wizualnej uczelni).<\/li>\n\n\n\n<li>Strona mo\u017ce zawiera\u0107 elementy graficzne, kt\u00f3re nie maj\u0105 dopasowanego tekstu alternatywnego. Pomimo dok\u0142adanych stara\u0144 &#8211; ze wzgl\u0119du na du\u017c\u0105 liczb\u0119 stron oraz redaktor\u00f3w (rozproszony system zarz\u0105dzania tre\u015bci\u0105 na UMCS) &#8211; mog\u0105 wyst\u0119powa\u0107 obrazki bez dopasowanej alternatywy tekstowej.<\/li>\n\n\n\n<li>Wybrane materia\u0142y, kt\u00f3re publikuj\u0105 osoby z uprawnieniami redaktorskimi na podstronach serwisu. Nie weryfikujemy na bie\u017c\u0105co tre\u015bci redaktor\u00f3w podstron serwisu pod k\u0105tem dost\u0119pno\u015bci cyfrowej.<\/li>\n<\/ul>\n","protected":false},"excerpt":{"rendered":"<p>Wst\u0119p deklaracji Instytut Filozofii Uniwersytetu Marii Curie-Sk\u0142odowskiej w Lublinie zobowi\u0105zuje si\u0119 zapewni\u0107 dost\u0119pno\u015b\u0107 tej strony internetowej zgodnie z ustaw\u0105 z dnia 4 kwietnia 2019 r. o dost\u0119pno\u015bci cyfrowej stron internetowych i aplikacji mobilnych podmiot\u00f3w publicznych. Deklaracja dost\u0119pno\u015bci dotyczy strony https:\/\/ptk26.umcs.lublin.pl. Stan dost\u0119pno\u015bci cyfrowej Ta strona internetowa jest cz\u0119\u015bciowo zgodna z za\u0142\u0105cznikiem do ustawy o dost\u0119pno\u015bci [&hellip;]<\/p>\n","protected":false},"author":4,"featured_media":0,"parent":0,"menu_order":0,"comment_status":"closed","ping_status":"closed","template":"","meta":{"footnotes":""},"class_list":["post-45","page","type-page","status-publish","hentry"],"_links":{"self":[{"href":"https:\/\/ptk26.umcs.lublin.pl\/index.php\/wp-json\/wp\/v2\/pages\/45","targetHints":{"allow":["GET"]}}],"collection":[{"href":"https:\/\/ptk26.umcs.lublin.pl\/index.php\/wp-json\/wp\/v2\/pages"}],"about":[{"href":"https:\/\/ptk26.umcs.lublin.pl\/index.php\/wp-json\/wp\/v2\/types\/page"}],"author":[{"embeddable":true,"href":"https:\/\/ptk26.umcs.lublin.pl\/index.php\/wp-json\/wp\/v2\/users\/4"}],"replies":[{"embeddable":true,"href":"https:\/\/ptk26.umcs.lublin.pl\/index.php\/wp-json\/wp\/v2\/comments?post=45"}],"version-history":[{"count":3,"href":"https:\/\/ptk26.umcs.lublin.pl\/index.php\/wp-json\/wp\/v2\/pages\/45\/revisions"}],"predecessor-version":[{"id":48,"href":"https:\/\/ptk26.umcs.lublin.pl\/index.php\/wp-json\/wp\/v2\/pages\/45\/revisions\/48"}],"wp:attachment":[{"href":"https:\/\/ptk26.umcs.lublin.pl\/index.php\/wp-json\/wp\/v2\/media?parent=45"}],"curies":[{"name":"wp","href":"https:\/\/api.w.org\/{rel}","templated":true}]}}